{"id":3326,"date":"2026-05-05T13:28:56","date_gmt":"2026-05-05T11:28:56","guid":{"rendered":"https:\/\/alakitlak.hu\/?page_id=3326"},"modified":"2026-05-15T20:11:55","modified_gmt":"2026-05-15T18:11:55","slug":"impresszum","status":"publish","type":"page","link":"https:\/\/alakitlak.hu\/en\/impresszum\/","title":{"rendered":"Imprint"},"content":{"rendered":"<p><strong>A weboldal \u00fczemeltet\u0151je (Szolg\u00e1ltat\u00f3):<\/strong><\/p>\n\n\n\n<ul class=\"wp-block-list\">\n<li><strong>N\u00e9v \/ C\u00e9gn\u00e9v:<\/strong> Perneczky Regina <\/li>\n\n\n\n<li><strong>Sz\u00e9khely:<\/strong> <\/li>\n\n\n\n<li><strong>Ad\u00f3sz\u00e1m:<\/strong> <\/li>\n\n\n\n<li><strong>Nyilv\u00e1ntart\u00e1si sz\u00e1m:<\/strong> <\/li>\n\n\n\n<li><strong>E-mail c\u00edm:<\/strong> reginaperneczky@gmail.com<\/li>\n\n\n\n<li><strong>Telefonsz\u00e1m:<\/strong> +36 20 2 333 426<\/li>\n<\/ul>\n\n\n\n<p><strong>A weboldal t\u00e1rhelyszolg\u00e1ltat\u00f3ja:<\/strong><\/p>\n\n\n\n<ul class=\"wp-block-list\">\n<li><strong>N\u00e9v:<\/strong> Rackhost Zrt.<\/li>\n\n\n\n<li><strong>Sz\u00e9khely:<\/strong> 6722 Szeged, Tisza Lajos k\u00f6r\u00fat 41.<\/li>\n\n\n\n<li><strong>Ad\u00f3sz\u00e1m:<\/strong> 25333572-2-06<\/li>\n\n\n\n<li><strong>E-mail c\u00edm:<\/strong> info@rackhost.hu<\/li>\n\n\n\n<li><strong>Telefonsz\u00e1m:<\/strong> +36 1 445 1200<\/li>\n\n\n\n<li><strong>Weboldal:<\/strong> <a href=\"https:\/\/www.rackhost.hu\" target=\"_blank\" rel=\"noreferrer noopener\">https:\/\/www.rackhost.hu<\/a><\/li>\n<\/ul>","protected":false},"excerpt":{"rendered":"<p>A weboldal \u00fczemeltet\u0151je (Szolg\u00e1ltat\u00f3): A weboldal t\u00e1rhelyszolg\u00e1ltat\u00f3ja:<\/p>","protected":false},"author":5,"featured_media":0,"parent":0,"menu_order":0,"comment_status":"closed","ping_status":"closed","template":"","meta":{"_acf_changed":false,"tpgb_global_settings":"","slim_seo":{"title":"Impresszum - alakitlak.hu","description":"A weboldal \u00fczemeltet\u0151je (Szolg\u00e1ltat\u00f3): A weboldal t\u00e1rhelyszolg\u00e1ltat\u00f3ja:"},"footnotes":""},"class_list":["post-3326","page","type-page","status-publish","hentry"],"acf":[],"tpgb_featured_images":null,"tpgb_post_meta_info":{"get_date":"2026-05-05","get_modified_date":"2026-05-15","author_name":"Tesz\u00e1ry P\u00e9ter","author_url":"https:\/\/alakitlak.hu\/en\/author\/peterteszary\/","author_email":"peterteszary@gmail.com","author_website":"","author_description":"","author_facebook":"","author_twitter":"","author_instagram":"","author_role":["administrator"],"author_firstname":"P\u00e9ter","author_lastname":"Tesz\u00e1ry","user_login":"peterteszary","author_avatar":"<img alt='Tesz\u00e1ry P\u00e9ter' src='https:\/\/secure.gravatar.com\/avatar\/934ce72a80238c518c6b99d7cbe88ce0672459f2027df09d809b71385d6272be?s=200&#038;d=mm&#038;r=g' srcset='https:\/\/secure.gravatar.com\/avatar\/934ce72a80238c518c6b99d7cbe88ce0672459f2027df09d809b71385d6272be?s=400&#038;d=mm&#038;r=g 2x' class='avatar avatar-200 photo' height='200' width='200' decoding='async'\/>","author_avatar_url":"https:\/\/secure.gravatar.com\/avatar\/934ce72a80238c518c6b99d7cbe88ce0672459f2027df09d809b71385d6272be?s=96&d=mm&r=g","comment_count":0,"post_likes":0,"post_views":0},"tpgb_post_category":[],"meta_box":[],"_links":{"self":[{"href":"https:\/\/alakitlak.hu\/en\/wp-json\/wp\/v2\/pages\/3326","targetHints":{"allow":["GET"]}}],"collection":[{"href":"https:\/\/alakitlak.hu\/en\/wp-json\/wp\/v2\/pages"}],"about":[{"href":"https:\/\/alakitlak.hu\/en\/wp-json\/wp\/v2\/types\/page"}],"author":[{"embeddable":true,"href":"https:\/\/alakitlak.hu\/en\/wp-json\/wp\/v2\/users\/5"}],"replies":[{"embeddable":true,"href":"https:\/\/alakitlak.hu\/en\/wp-json\/wp\/v2\/comments?post=3326"}],"version-history":[{"count":2,"href":"https:\/\/alakitlak.hu\/en\/wp-json\/wp\/v2\/pages\/3326\/revisions"}],"predecessor-version":[{"id":3475,"href":"https:\/\/alakitlak.hu\/en\/wp-json\/wp\/v2\/pages\/3326\/revisions\/3475"}],"wp:attachment":[{"href":"https:\/\/alakitlak.hu\/en\/wp-json\/wp\/v2\/media?parent=3326"}],"curies":[{"name":"wp","href":"https:\/\/api.w.org\/{rel}","templated":true}]}}