{"id":467,"date":"2014-08-30T14:22:10","date_gmt":"2014-08-30T14:22:10","guid":{"rendered":"https:\/\/szeplakszegedwp.syncweb.hu\/rolam\/"},"modified":"2026-05-06T11:54:57","modified_gmt":"2026-05-06T09:54:57","slug":"enterior-tervezo","status":"publish","type":"page","link":"https:\/\/alakitlak.hu\/en\/enterior-tervezo\/","title":{"rendered":"About me"},"content":{"rendered":"<p><\/p>\n\n\n<div class=\"wp-block-image\">\n<figure class=\"alignleft is-resized\"><img decoding=\"async\" width=\"684\" height=\"1024\" src=\"https:\/\/alakitlak.hu\/wp-content\/uploads\/2024\/03\/1687525252100-684x1024.jpg\" alt=\"\" class=\"wp-image-2702\" style=\"aspect-ratio:0.6679725186376261;width:376px;height:auto\" srcset=\"https:\/\/alakitlak.hu\/wp-content\/uploads\/2024\/03\/1687525252100-684x1024.jpg 684w, https:\/\/alakitlak.hu\/wp-content\/uploads\/2024\/03\/1687525252100-200x300.jpg 200w, https:\/\/alakitlak.hu\/wp-content\/uploads\/2024\/03\/1687525252100-768x1150.jpg 768w, https:\/\/alakitlak.hu\/wp-content\/uploads\/2024\/03\/1687525252100-1026x1536.jpg 1026w, https:\/\/alakitlak.hu\/wp-content\/uploads\/2024\/03\/1687525252100.jpg 1282w\" sizes=\"(max-width: 684px) 100vw, 684px\" \/><\/figure>\n<\/div>\n\n\n<p class=\"rtejustify\"><\/p>\n\n\n\n<p><strong>How do you do? <\/strong><\/p>\n\n\n\n<p><strong>I'm Regina Perneczky, Interior Designer.<\/strong><\/p>\n\n\n\n<p><strong>And I believe in help. I support you.<\/strong><\/p>\n\n\n\n<p>Something's changed, hasn't it?\u00a0 You're on the verge of remodeling, building, renovating, reconstructing, if you're here on my site and you're looking for a designer. I know what's on your mind.<\/p>\n\n\n\n<p><strong>Renovation is not easy.&nbsp;<\/strong><\/p>\n\n\n\n<p>I know that. Too complex, a million things to think about, a lot of pitfalls. Plus, you're afraid of how much it'll burden you.&nbsp;<\/p>\n\n\n\n<p>I understand you and I can help you with that.<\/p>\n\n\n\n<p><strong>Construction is expensive.<\/strong><\/p>\n\n\n\n<p>We already know that we have to spend a lot, and then we realize that we have to spend even more. That hurts, though. I know that. We worked hard to build a house and make it our home.<\/p>\n\n\n\n<p><strong>I'll show you that it's worth spending in a way that makes sure it's an investment, not a painful waste of money.<\/strong><\/p>\n\n\n\n<p><strong>You deserve to be what you wanted.<\/strong><\/p>\n\n\n\n<p>In my experience, when it comes to remodeling, everyone craves a little bit of uniqueness. That's absolutely right! I will show you that there should be no \u2018dozens\u2019 of furnishings or furniture. Many people feel that the equipment is beautiful, but <strong>\"somehow it doesn't all add up\"<\/strong><\/p>\n\n\n\n<p>A lot of <strong>You have a question.<\/strong> I'd have one, too! I <strong>I'll answer them!<\/strong><\/p>\n\n\n\n<p>I know the construction\/restructuring is frustrating \u2013 but <strong>I won't leave you alone with her<\/strong>!<\/p>\n\n\n\n<p>I know it's hard to <strong>with professionals<\/strong> to communicate \u2013 <strong>then<\/strong> <strong>I'll talk to them.<\/strong><\/p>\n\n\n\n<p><strong>The lovable space<\/strong><\/p>\n\n\n\n<p>As an interior designer, I deal with the transformation of spaces whose owners have created the need to really get a well-functioning, great-to-use, demanding, lovable space.<\/p>\n\n\n\n<p><strong>Immediately profitable investment<\/strong><\/p>\n\n\n\n<p>My clients understand the value of new solutions, invest in their homes, recognize and welcome that we are achieving an immediate increase in value as a result of the changes. And this can be defined not only in financial terms, but also in sensations.<\/p>\n\n\n\n<p><strong>My home is for me<\/strong><\/p>\n\n\n\n<p>It feels good to live in these homes.<\/p>\n\n\n\n<p>It feels good to experience the well-utilised benefits! It feels good to fall in love with their home again, because I make the interior that is completely tailored to them! It adapts to their lifestyle, adapts to their comfort needs as well!<\/p>\n\n\n\n<p><strong>Awareness in Home Creation<\/strong><\/p>\n\n\n\n<p>I also help people to plan their immediate surroundings, who are conscious of the processes that can make a much better impact on their new home!<\/p>\n\n\n\n<p><strong>Business planning<\/strong><\/p>\n\n\n\n<p>This approach also accompanies business planning. When I design a showroom as one of the basic aspects, such as the authentic and exclusive presentation of the product group to be sold, I immediately focus on the needs of the visitor.<\/p>\n\n\n\n<p><strong>From viewer to fan<\/strong><\/p>\n\n\n\n<p>In the store I planned, not only do the spectators walk around, but they get involved. Makes them feel like they were waiting for me here! This is my place, because this is where my questions and interests are dealt with. I'm going to get answers, and it feels good to be here!<\/p>\n\n\n\n<p><strong>Purchasing from Authentic Experience<\/strong><\/p>\n\n\n\n<p>You will experience, at the Edelholz Showroom, how impressive this floor is, how beautiful its veins are, how its structure is felt, how it smells \u2013 and you will make sure that this pleasant and beautiful floor is yours too! Because they are demanding, and this is appreciated there, in the store! And this is made tangible by the wooden flooring itself, which you can take home! And your home will be wonderful with that floor! And that's where the customer comes in.<\/p>\n\n\n\n<p><strong>&nbsp;<\/strong><strong>Design of private clinics<\/strong><\/p>\n\n\n\n<p>In the case of private clinics, too, I approach the contouring of the pillars of design from the point of view of people. When we go to a medical institution, in most cases we already have complaints, sometimes we are vulnerable, we come for help. The private clinka's excellent team of specialists is on the road to recovery with all their efforts.<\/p>\n\n\n\n<p>When it's time for treatment\u2026<\/p>\n\n\n\n<p><strong>Confidence building with home furnishings<\/strong><\/p>\n\n\n\n<p>But before that, the patient sits alone in a waiting room with all their fears and doubts \u2013 so only interior designs based on the need to calm down can be considered! To make them feel safe. In order for their vibrations to subside, the excitement is taken over by a sense of security! The certainty that they'll take care of me here! I will be in good hands here, everything here is professional, comfortable and friendly.&nbsp;<\/p>\n\n\n\n<p>Interior Designer, Interior Design Consultant, Interior Designer<\/p>\n\n\n\n<p>Professional trainer of the Szeged Interior Design Training<\/p>\n\n\n\n<p>1st prize of the Archline Picture of the Year 2022 competition<\/p>\n\n\n\n<p>L\u00d6SZ Interior Designer of the Year 2023 Finalist and Special Prize Winner<\/p>\n\n\n\n<p>He is an expert in interior design at WoodCorner, an eco-conscious design and construction company.<\/p>\n\n\n\n<figure class=\"wp-block-embed is-type-wp-embed is-provider-woodcorner wp-block-embed-woodcorner\"><div class=\"wp-block-embed__wrapper\">\n<blockquote class=\"wp-embedded-content\" data-secret=\"TB6VLZPNpd\"><a href=\"https:\/\/woodcorner.hu\/szolgaltatasok\/tanacsadas\/\">Consultancy<\/a><\/blockquote><iframe loading=\"lazy\" class=\"wp-embedded-content\" sandbox=\"allow-scripts\" security=\"restricted\" style=\"position: absolute; visibility: hidden;\" title=\"\u201cAdvice\u201d \u2014 Woodcorner\" src=\"https:\/\/woodcorner.hu\/szolgaltatasok\/tanacsadas\/embed\/#?secret=XFhjPBilwJ#?secret=TB6VLZPNpd\" data-secret=\"TB6VLZPNpd\" width=\"500\" height=\"282\" frameborder=\"0\" marginwidth=\"0\" marginheight=\"0\" scrolling=\"no\"><\/iframe>\n<\/div><\/figure>","protected":false},"excerpt":{"rendered":"<p>How do you do? I'm Regina Perneczky, Interior Designer. And I believe in help. I support you. Something's changed, hasn't it?\u00a0 You're on the verge of remodeling, building, renovating, reconstructing, if you're here on my site and you're looking for a designer. I know what's on your mind. Renovation is not easy.\u00a0 I know that. Too complex, a million things to think about, a lot of pitfalls. What's more, you're afraid of how much it will [\u2026]<\/p>","protected":false},"author":1,"featured_media":2704,"parent":0,"menu_order":0,"comment_status":"closed","ping_status":"closed","template":"","meta":{"_acf_changed":false,"tpgb_global_settings":"","slim_seo":{"description":"enteri\u0151r tervez\u0151, lakberendez\u0151, mag\u00e1nklinika tervez\u00e9s, bemutat\u00f3terem tervez\u00e9s, j\u00f3l funkcion\u00e1l\u00f3, ig\u00e9nyes, haszn\u00e1lhat\u00f3","title":"R\u00f3lam - alakitlak.hu"},"footnotes":""},"class_list":["post-467","page","type-page","status-publish","has-post-thumbnail","hentry"],"acf":[],"tpgb_featured_images":{"full":["https:\/\/alakitlak.hu\/wp-content\/uploads\/2024\/03\/1687525252296.jpg",1282,1920,false],"tp-image-grid":["https:\/\/alakitlak.hu\/wp-content\/uploads\/2024\/03\/1687525252296.jpg",467,700,false],"thumbnail":["https:\/\/alakitlak.hu\/wp-content\/uploads\/2024\/03\/1687525252296-150x150.jpg",150,150,true],"medium":["https:\/\/alakitlak.hu\/wp-content\/uploads\/2024\/03\/1687525252296-200x300.jpg",200,300,true],"medium_large":["https:\/\/alakitlak.hu\/wp-content\/uploads\/2024\/03\/1687525252296-768x1150.jpg",768,1150,true],"large":["https:\/\/alakitlak.hu\/wp-content\/uploads\/2024\/03\/1687525252296-684x1024.jpg",684,1024,true],"default":"https:\/\/alakitlak.hu\/wp-content\/plugins\/the-plus-addons-for-block-editor\/assets\/images\/tpgb-placeholder.jpg"},"tpgb_post_meta_info":{"get_date":"2014-08-30","get_modified_date":"2026-05-06","author_name":"aron","author_url":"https:\/\/alakitlak.hu\/en\/author\/aron\/","author_email":"pelyhearon@gmail.com","author_website":"","author_description":"","author_facebook":"","author_twitter":"","author_instagram":"","author_role":["administrator"],"author_firstname":"","author_lastname":"","user_login":"aron","author_avatar":"<img alt='aron' src='https:\/\/secure.gravatar.com\/avatar\/f373e26c70ee518bcfed200538a64cfbc58ea3591fc31e0f9f689c362b13ba6e?s=200&#038;d=mm&#038;r=g' srcset='https:\/\/secure.gravatar.com\/avatar\/f373e26c70ee518bcfed200538a64cfbc58ea3591fc31e0f9f689c362b13ba6e?s=400&#038;d=mm&#038;r=g 2x' class='avatar avatar-200 photo' height='200' width='200' decoding='async'\/>","author_avatar_url":"https:\/\/secure.gravatar.com\/avatar\/f373e26c70ee518bcfed200538a64cfbc58ea3591fc31e0f9f689c362b13ba6e?s=96&d=mm&r=g","comment_count":0,"post_likes":0,"post_views":0},"tpgb_post_category":[],"meta_box":[],"_links":{"self":[{"href":"https:\/\/alakitlak.hu\/en\/wp-json\/wp\/v2\/pages\/467","targetHints":{"allow":["GET"]}}],"collection":[{"href":"https:\/\/alakitlak.hu\/en\/wp-json\/wp\/v2\/pages"}],"about":[{"href":"https:\/\/alakitlak.hu\/en\/wp-json\/wp\/v2\/types\/page"}],"author":[{"embeddable":true,"href":"https:\/\/alakitlak.hu\/en\/wp-json\/wp\/v2\/users\/1"}],"replies":[{"embeddable":true,"href":"https:\/\/alakitlak.hu\/en\/wp-json\/wp\/v2\/comments?post=467"}],"version-history":[{"count":12,"href":"https:\/\/alakitlak.hu\/en\/wp-json\/wp\/v2\/pages\/467\/revisions"}],"predecessor-version":[{"id":3346,"href":"https:\/\/alakitlak.hu\/en\/wp-json\/wp\/v2\/pages\/467\/revisions\/3346"}],"wp:featuredmedia":[{"embeddable":true,"href":"https:\/\/alakitlak.hu\/en\/wp-json\/wp\/v2\/media\/2704"}],"wp:attachment":[{"href":"https:\/\/alakitlak.hu\/en\/wp-json\/wp\/v2\/media?parent=467"}],"curies":[{"name":"wp","href":"https:\/\/api.w.org\/{rel}","templated":true}]}}